{"id":50,"date":"2025-09-22T09:43:39","date_gmt":"2025-09-22T07:43:39","guid":{"rendered":"https:\/\/www.reseaux-fogas.fr\/?page_id=50"},"modified":"2025-09-22T09:43:39","modified_gmt":"2025-09-22T07:43:39","slug":"communaute-de-pratiques-en-reciprocite-solidaire-cp-rs","status":"publish","type":"page","link":"https:\/\/www.reseaux-fogas.fr\/index.php\/communaute-de-pratiques-en-reciprocite-solidaire-cp-rs\/","title":{"rendered":"Communaut\u00e9 de Pratiques en R\u00e9ciprocit\u00e9 Solidaire CP-RS"},"content":{"rendered":"\n<figure class=\"wp-block-image size-full\"><img loading=\"lazy\" decoding=\"async\" width=\"162\" height=\"157\" src=\"https:\/\/www.reseaux-fogas.fr\/wp-content\/uploads\/2025\/09\/Logo-EducPop.png\" alt=\"\" class=\"wp-image-51\" srcset=\"https:\/\/www.reseaux-fogas.fr\/wp-content\/uploads\/2025\/09\/Logo-EducPop.png 162w, https:\/\/www.reseaux-fogas.fr\/wp-content\/uploads\/2025\/09\/Logo-EducPop-150x145.png 150w\" sizes=\"auto, (max-width: 162px) 100vw, 162px\" \/><\/figure>\n\n\n\n<p>La proposition de ce groupe confidentiel (CP-RS) est de vous permettre de partager un savoir ou une comp\u00e9tence , dans une logique de r\u00e9ciprocit\u00e9 solidaire, c&#8217;est-\u00e0-dire que vous pourrez avoir acc\u00e8s en contrepartie \u00e0 des ressources venant des autres membres du groupe. Une fois exploit\u00e9, par au moins un des membres du groupe,&nbsp; votre savoir fera l&#8217;objet d&#8217;une validation sp\u00e9cifique.<\/p>\n\n\n\n<p>Vous aurez la possibilit\u00e9 dans ce groupe d&#8217;utiliser un nom d\u2019emprunt pour rester anonyme.<\/p>\n\n\n\n<p>Lien vers le formulaire Offre :<a href=\"https:\/\/forms.gle\/3LC8McTneMrHwdpJ7\"> https:\/\/forms.gle\/3LC8McTneMrHwdpJ7<\/a><\/p>\n\n\n\n<p><\/p>\n\n\n\n<p>Lien vers formulaire de \u00ab demandes \u00bb :<a href=\"https:\/\/forms.gle\/oWnUY1okazaMNraU8\"> https:\/\/forms.gle\/oWnUY1okazaMNraU8<\/a><\/p>\n\n\n\n<p><\/p>\n","protected":false},"excerpt":{"rendered":"<p>La proposition de ce groupe confidentiel (CP-RS) est de vous permettre de partager un savoir ou une comp\u00e9tence , dans une logique de r\u00e9ciprocit\u00e9 solidaire, c&#8217;est-\u00e0-dire que vous pourrez avoir acc\u00e8s en contrepartie \u00e0 des ressources venant des autres membres du groupe. Une fois exploit\u00e9, par au moins un des membres du groupe,&nbsp; votre savoir [&hellip;]<\/p>\n","protected":false},"author":1,"featured_media":0,"parent":0,"menu_order":0,"comment_status":"closed","ping_status":"closed","template":"","meta":{"footnotes":""},"class_list":["post-50","page","type-page","status-publish","hentry"],"_links":{"self":[{"href":"https:\/\/www.reseaux-fogas.fr\/index.php\/wp-json\/wp\/v2\/pages\/50","targetHints":{"allow":["GET"]}}],"collection":[{"href":"https:\/\/www.reseaux-fogas.fr\/index.php\/wp-json\/wp\/v2\/pages"}],"about":[{"href":"https:\/\/www.reseaux-fogas.fr\/index.php\/wp-json\/wp\/v2\/types\/page"}],"author":[{"embeddable":true,"href":"https:\/\/www.reseaux-fogas.fr\/index.php\/wp-json\/wp\/v2\/users\/1"}],"replies":[{"embeddable":true,"href":"https:\/\/www.reseaux-fogas.fr\/index.php\/wp-json\/wp\/v2\/comments?post=50"}],"version-history":[{"count":1,"href":"https:\/\/www.reseaux-fogas.fr\/index.php\/wp-json\/wp\/v2\/pages\/50\/revisions"}],"predecessor-version":[{"id":52,"href":"https:\/\/www.reseaux-fogas.fr\/index.php\/wp-json\/wp\/v2\/pages\/50\/revisions\/52"}],"wp:attachment":[{"href":"https:\/\/www.reseaux-fogas.fr\/index.php\/wp-json\/wp\/v2\/media?parent=50"}],"curies":[{"name":"wp","href":"https:\/\/api.w.org\/{rel}","templated":true}]}}