{"id":4,"date":"2023-09-27T18:26:12","date_gmt":"2023-09-27T16:26:12","guid":{"rendered":"http:\/\/www.reseaux-fogas.fr\/?page_id=4"},"modified":"2024-05-26T17:15:01","modified_gmt":"2024-05-26T15:15:01","slug":"reseau-fogas","status":"publish","type":"page","link":"https:\/\/www.reseaux-fogas.fr\/","title":{"rendered":"R\u00e9seaux-Fogas"},"content":{"rendered":"\n<p>R\u00e9seaux-Fogas est une structure associative ouverte qui questionne l\u2019accompagnement du changement\u00a0 pour l&#8217;\u00e9ducation et la formation. Associ\u00e9e \u00e0 4 laboratoires de recherche\u00a0elle explore l&#8217;usage des du num\u00e9rique et en particulier les environnements immersifs 3d destin\u00e9s \u00e0 l&#8217;\u00e9ducation, la formation ou la collaboration.<\/p>\n\n\n\n<p>Nous proposons ainsi de poser collectivement, au travers de r\u00e9seaux de professionnels, d\u2019institutions et de projets pilotes, la question&nbsp;de l&#8217;am\u00e9lioration&nbsp;de l&#8217;emploi et de la comp\u00e9titivit\u00e9 par une organisation du travail respectueuse des personnes et de leur travail.<\/p>\n\n\n\n<p><\/p>\n\n\n\n<p>Il s\u2019agit donc de :<\/p>\n\n\n\n<ul class=\"wp-block-list\">\n<li>Mutualiser, renforcer et harmoniser&nbsp;les potentiels d&#8217;action des intervenants experts en entreprise<\/li>\n<\/ul>\n\n\n\n<ul class=\"wp-block-list\">\n<li>Animer un syst\u00e8me d&#8217;alerte&nbsp;et d&#8217;information sur les questions \u00e9thiques relatives au travail et \u00e0 l&#8217;organisation du travail<br>&nbsp;<\/li>\n\n\n\n<li>Proposer et appuyer&nbsp;des d\u00e9marches socialement responsables<br>&nbsp;<\/li>\n\n\n\n<li>Animer une Plateforme collaborative&nbsp;d&#8217;adaptation ou de co-construction de d\u00e9marches d&#8217;accompagnement du changement dans les entreprises et sur les territoires.&nbsp;<\/li>\n<\/ul>\n\n\n\n<p><\/p>\n\n\n\n<p><\/p>\n\n\n\n<p>Vos t\u00e9moignages et propositions sont les bienvenues.<\/p>\n\n\n\n<p><\/p>\n\n\n\n<p><\/p>\n\n\n\n<p>Fogas est le bras arm\u00e9 du dispositif EPim: Incubateur r\u00e9alit\u00e9 Virtuelle de l&#8217;Education Nationale : <a href=\"https:\/\/immersive-colab.fr\/realisations\/college-numerique\/\">https:\/\/immersive-colab.fr\/realisations\/college-numerique\/<\/a><\/p>\n","protected":false},"excerpt":{"rendered":"<p>R\u00e9seaux-Fogas est une structure associative ouverte qui questionne l\u2019accompagnement du changement\u00a0 pour l&#8217;\u00e9ducation et la formation. Associ\u00e9e \u00e0 4 laboratoires de recherche\u00a0elle explore l&#8217;usage des du num\u00e9rique et en particulier les environnements immersifs 3d destin\u00e9s \u00e0 l&#8217;\u00e9ducation, la formation ou la collaboration. Nous proposons ainsi de poser collectivement, au travers de r\u00e9seaux de professionnels, d\u2019institutions [&hellip;]<\/p>\n","protected":false},"author":1,"featured_media":0,"parent":0,"menu_order":0,"comment_status":"closed","ping_status":"closed","template":"","meta":{"footnotes":""},"class_list":["post-4","page","type-page","status-publish","hentry"],"_links":{"self":[{"href":"https:\/\/www.reseaux-fogas.fr\/index.php\/wp-json\/wp\/v2\/pages\/4","targetHints":{"allow":["GET"]}}],"collection":[{"href":"https:\/\/www.reseaux-fogas.fr\/index.php\/wp-json\/wp\/v2\/pages"}],"about":[{"href":"https:\/\/www.reseaux-fogas.fr\/index.php\/wp-json\/wp\/v2\/types\/page"}],"author":[{"embeddable":true,"href":"https:\/\/www.reseaux-fogas.fr\/index.php\/wp-json\/wp\/v2\/users\/1"}],"replies":[{"embeddable":true,"href":"https:\/\/www.reseaux-fogas.fr\/index.php\/wp-json\/wp\/v2\/comments?post=4"}],"version-history":[{"count":6,"href":"https:\/\/www.reseaux-fogas.fr\/index.php\/wp-json\/wp\/v2\/pages\/4\/revisions"}],"predecessor-version":[{"id":48,"href":"https:\/\/www.reseaux-fogas.fr\/index.php\/wp-json\/wp\/v2\/pages\/4\/revisions\/48"}],"wp:attachment":[{"href":"https:\/\/www.reseaux-fogas.fr\/index.php\/wp-json\/wp\/v2\/media?parent=4"}],"curies":[{"name":"wp","href":"https:\/\/api.w.org\/{rel}","templated":true}]}}