{"id":16,"date":"2024-04-29T20:01:43","date_gmt":"2024-04-29T18:01:43","guid":{"rendered":"https:\/\/www.reseaux-fogas.fr\/?page_id=16"},"modified":"2024-04-29T20:05:34","modified_gmt":"2024-04-29T18:05:34","slug":"nos-plateformes-3d-immersives","status":"publish","type":"page","link":"https:\/\/www.reseaux-fogas.fr\/index.php\/nos-plateformes-3d-immersives\/","title":{"rendered":"Nos plateformes 3D Immersives"},"content":{"rendered":"\n<p><\/p>\n\n\n\n<figure class=\"wp-block-table is-style-stripes\"><table><tbody><tr><td>&nbsp;<\/td><td>&nbsp;<\/td><td class=\"has-text-align-left\" data-align=\"left\">&nbsp;<\/td><\/tr><tr><td><strong><a href=\"https:\/\/immersive-colab.fr\/plateforme-3d-didact\/\">La plateforme Did&#8217;Act<\/a><\/strong>&nbsp;: Accessible via un \u00ab&nbsp;client&nbsp;\u00bb personnalis\u00e9 de jeux en ligne, qui en respecte les codes et <strong>l\u2019ergonomie<\/strong>, multi-joueurs mais surtout multi-constructeur, elle permet une p\u00e9dagogie par le &#8220;do it yourself&#8221; et la co-cr\u00e9atitivt\u00e9. La plateforme est h\u00e9berg\u00e9e sur des serveurs respectant  nos crit\u00e8res environnementaux. <strong>Souple et l\u00e9g\u00e8re<\/strong> elle s\u2019adapte parfaitement aux utilisateurs <strong>sous dot\u00e9s<\/strong> au niveau mat\u00e9riel ou bande passante. &nbsp;<\/td><td><strong>&nbsp;<\/strong><\/td><td class=\"has-text-align-left\" data-align=\"left\"><strong><a href=\"https:\/\/immersive-colab.fr\/plateforme-3d-active\/\" target=\"_blank\" rel=\"noreferrer noopener\">La plateforme Act&#8217;Ive<\/a><\/strong>: D\u00e9velopp\u00e9e \u00e0 partir du moteur de jeu Unity (moteur les plus utilis\u00e9 dans le monde du jeu vid\u00e9o), reprend les <strong>fondamentaux UXr<\/strong> propres \u00e0 Immersive-CoLab mais acc\u00e8de \u00e0 l\u2019\u00e9volution continue en mati\u00e8re de <strong>qualit\u00e9 graphique<\/strong>, de <strong>fluidit\u00e9<\/strong> dans le jeu ainsi qu\u2019aux <strong>accessoires<\/strong> auxquels les joueurs en lignes sont habitu\u00e9s. Act&#8217;Ive  permet de coller \u00e0 la culture du jeu en ligne et d\u2019int\u00e9grer au fil de l\u2019eau les <strong>derni\u00e8res technologies logicielles et mat\u00e9rielles <\/strong>(mod\u00e8les d\u2019avatar, animations, manettes, casques \u2026.). &nbsp;<\/td><\/tr><\/tbody><\/table><\/figure>\n\n\n\n<p> Vous pouvez vous inscrire et prendre rendez-vous dans l&#8217;onglet &#8220;Contact&#8221; pour visiter nos installations.  <\/p>\n\n\n\n<figure class=\"wp-block-image size-large\"><img decoding=\"async\" src=\"https:\/\/immersive-colab.fr\/wp-content\/uploads\/2022\/03\/Infographique-UXR-1024x603.png\" alt=\"\" class=\"wp-image-1707\"\/><\/figure>\n","protected":false},"excerpt":{"rendered":"<p>&nbsp; &nbsp; &nbsp; La plateforme Did&#8217;Act&nbsp;: Accessible via un \u00ab&nbsp;client&nbsp;\u00bb personnalis\u00e9 de jeux en ligne, qui en respecte les codes et l\u2019ergonomie, multi-joueurs mais surtout multi-constructeur, elle permet une p\u00e9dagogie par le &#8220;do it yourself&#8221; et la co-cr\u00e9atitivt\u00e9. La plateforme est h\u00e9berg\u00e9e sur des serveurs respectant nos crit\u00e8res environnementaux. Souple et l\u00e9g\u00e8re elle s\u2019adapte parfaitement [&hellip;]<\/p>\n","protected":false},"author":1,"featured_media":0,"parent":0,"menu_order":0,"comment_status":"closed","ping_status":"closed","template":"","meta":{"footnotes":""},"class_list":["post-16","page","type-page","status-publish","hentry"],"_links":{"self":[{"href":"https:\/\/www.reseaux-fogas.fr\/index.php\/wp-json\/wp\/v2\/pages\/16","targetHints":{"allow":["GET"]}}],"collection":[{"href":"https:\/\/www.reseaux-fogas.fr\/index.php\/wp-json\/wp\/v2\/pages"}],"about":[{"href":"https:\/\/www.reseaux-fogas.fr\/index.php\/wp-json\/wp\/v2\/types\/page"}],"author":[{"embeddable":true,"href":"https:\/\/www.reseaux-fogas.fr\/index.php\/wp-json\/wp\/v2\/users\/1"}],"replies":[{"embeddable":true,"href":"https:\/\/www.reseaux-fogas.fr\/index.php\/wp-json\/wp\/v2\/comments?post=16"}],"version-history":[{"count":2,"href":"https:\/\/www.reseaux-fogas.fr\/index.php\/wp-json\/wp\/v2\/pages\/16\/revisions"}],"predecessor-version":[{"id":20,"href":"https:\/\/www.reseaux-fogas.fr\/index.php\/wp-json\/wp\/v2\/pages\/16\/revisions\/20"}],"wp:attachment":[{"href":"https:\/\/www.reseaux-fogas.fr\/index.php\/wp-json\/wp\/v2\/media?parent=16"}],"curies":[{"name":"wp","href":"https:\/\/api.w.org\/{rel}","templated":true}]}}